{"id":1418,"date":"2026-01-14T11:44:34","date_gmt":"2026-01-14T11:44:34","guid":{"rendered":"https:\/\/lofn.travelblox.eu\/?page_id=1418"},"modified":"2026-05-04T15:30:38","modified_gmt":"2026-05-04T15:30:38","slug":"over-ons","status":"publish","type":"page","link":"https:\/\/lofn.travelblox.eu\/de\/over-ons\/","title":{"rendered":"\u00dcber uns"},"content":{"rendered":"<div class=\"tb-quoteparallax tb-block align-center background-dark pattern-none variant-text_on_image\" id=\"quoteparallax\" style=\"background-image: url('https:\/\/travelbase.eu\/frontend_src\/tb20\/dist\/assets\/img\/header-home-2022.jpg');\">\n\t\t<div class=\"inner-block tb-fade-in tb-fade-in--subtle\">\n\t\t\t\t\t<div class=\"text-part\">\n\t\t\t\t<h2>\u00dcber Lofoten Nomads<\/h2>\n\t\t\t\t\t\t<div class=\"translation-block\"><p>Bei <a href=\"https:\/\/travelbase.de\/reisethema\/roadtrips-rundreisen\/\" target=\"_blank\">Travelbase<\/a> organisieren wir jedes Jahr neue Abenteuer, und Lofoten Nomads ist eines davon: eine 7-t\u00e4gige Rundreise durch eine der spektakul\u00e4rsten Ecken Norwegens. Die Route wurde von einem Team aus Travelbase-Reisenden, Abenteurern und Locals zusammengestellt, alle mit derselben Leidenschaft: das norwegische Outdoor-Leben.<\/p><\/div>\n\t\t\t\t\t\t\t\t<\/div>\n\t\t\t\t\t<\/div>\n<\/div>\n\n\n\n<div class=\"tb-textimage2 tb-block align-left background-light pattern-none variant-text_first tb-collapsible-margins\" id=\"textimage2\">\n\t<div class=\"inner-block tb-fade-in\">\n\n\t\t\n\t\t<div class=\"tb-columns\">\n\t\t\t<div class=\"tb-column\">\n\t\t\t\t<div class=\"tb-text-part\">\n\t\t\t\t\t<h2>Unsere Mission?<\/h2>\n\t\t\t\t\t\t\t<div class=\"translation-block\"><p>Unser Ziel: euch die Freiheit eines unabh\u00e4ngigen Roadtrips zu geben, ohne den Stress endloser Planung. Wir sind die Route selbst gefahren, haben die sch\u00f6nsten Aussichtspunkte gesammelt, echte Must-Sees vom Hype getrennt und unsere liebsten Geheimtipps dazugepackt.<\/p><p>Ihr reist in eurem eigenen Tempo: komplett unabh\u00e4ngig, aber mit einem Roadbook, das euch zuverl\u00e4ssig in die richtige Richtung f\u00fchrt. Von rauen Bergk\u00e4mmen \u00fcber ruhige Str\u00e4nde bis zu kleinen Fischerd\u00f6rfern, wir kennen die Lofoten wie unsere Westentasche und nehmen euch mit an Orte, an denen man sein Handy pl\u00f6tzlich ganz \u201eaus Versehen\u201c vergisst (fast).<\/p><\/div>\n\t\t\t\t\t\t\t\t\t\t\t\t<ul class=\"icon-list\">\n\t\t\t\t\t\t\t\t\t\t\t\t\t\t\t<li> <\/li>\n\t\t\t\t\t\t\t\t\t\t\t\t\t\t\t<li> <\/li>\n\t\t\t\t\t\t\t\t\t\t\t\t\t<\/ul>\n\t\t\t\t\t\t\t\t\t\t<div class=\"tb-buttons-part\">\n\t\t\t\t\t\t\t\t\t\t\t\t\t\t\t\t\t<\/div>\n\t\t\t\t<\/div>\n\t\t\t<\/div>\n\t\t\t<div class=\"tb-column\">\n\t\t\t\t\t\t\t\t\t\t\t\t\t\t\t<div class=\"tb-image-part\">\n\t\t\t\t\t\t\t<img src='https:\/\/lofn.travelblox.eu\/wp-content\/uploads\/sites\/125\/2025\/12\/compressed_WALOF25_NORWAY_RoyMosterd_HR-5270861-768x576.jpg' width='768' height='576' loading='lazy' image_size='medium_large'>\t\t\t\t\t\t<\/div>\n\t\t\t\t\t\t\t\t\t\t\t\t<\/div>\n\t\t<\/div>\n\t<\/div>\n<\/div>\n\n\n<div class=\"tb-textimage2 tb-block align-left background-light pattern-none variant-image_first tb-collapsible-margins\" id=\"textimage2-1\">\n\t<div class=\"inner-block tb-fade-in\">\n\n\t\t\n\t\t<div class=\"tb-columns\">\n\t\t\t<div class=\"tb-column\">\n\t\t\t\t<div class=\"tb-text-part\">\n\t\t\t\t\t<h2>Warum zu den Lofoten?<\/h2>\n\t\t\t\t\t\t\t<div class=\"translation-block\"><p>Die Lofoten sind wie gemacht f\u00fcr eine Rundreise: raue Bergspitzen, die direkt aus dem Meer ragen, wei\u00dfe Sandstr\u00e4nde mit t\u00fcrkisfarbenem Wasser, kleine Fischerd\u00f6rfer und Stra\u00dfen, die wirken, als w\u00e4ren sie extra f\u00fcr sch\u00f6ne Umwege gebaut. Die Natur ist hier wild und ganz nah und hinter jeder Kurve wartet ein neuer \u201eMoment, warte mal\u2026 was?\u201c.<\/p><p>Wir haben diese 7-t\u00e4gige Rundreise so entworfen, dass du das Beste der Inselgruppe erlebst. Von goldenen Abenden an einsamen Str\u00e4nden bis zu Wanderungen mit Blick auf Fjorde und scharfe Gipfel: Jeder Tag f\u00fchlt sich an wie eine Postkarte, nur in echt. Du bekommst die Freiheit einer unabh\u00e4ngigen Rundreise, ohne den Stress endloser Planung. Wir sind die Route selbst gefahren, haben die sch\u00f6nsten Aussichtspunkte gesammelt, echte Must-Sees vom Hype getrennt und unsere liebsten versteckten Juwelen erg\u00e4nzt.<\/p><\/div>\n\t\t\t\t\t\t\t\t\t\t\t\t<ul class=\"icon-list\">\n\t\t\t\t\t\t\t\t\t\t\t\t\t\t\t<li> <\/li>\n\t\t\t\t\t\t\t\t\t\t\t\t\t\t\t<li> <\/li>\n\t\t\t\t\t\t\t\t\t\t\t\t\t<\/ul>\n\t\t\t\t\t\t\t\t\t\t<div class=\"tb-buttons-part\">\n\t\t\t\t\t\t\t\t\t\t\t\t\t\t\t\t\t<\/div>\n\t\t\t\t<\/div>\n\t\t\t<\/div>\n\t\t\t<div class=\"tb-column\">\n\t\t\t\t\t\t\t\t\t\t\t\t\t\t\t<div class=\"tb-image-part\">\n\t\t\t\t\t\t\t<img src='https:\/\/lofn.travelblox.eu\/wp-content\/uploads\/sites\/125\/2026\/01\/Gemini_Generated_Image_a2h6bpa2h6bpa2h6_compressed-1-768x696.jpeg' width='768' height='696' loading='lazy' image_size='medium_large'>\t\t\t\t\t\t<\/div>\n\t\t\t\t\t\t\t\t\t\t\t\t<\/div>\n\t\t<\/div>\n\t<\/div>\n<\/div>\n\n\n<div class=\"tb-team tb-block align-center background-light pattern-none variant-none tb-collapsible-margins\" id=\"team-1\">\n\t<div class=\"inner-block tb-fade-in tb-fade-in--subtle\">\n\t\t<div class=\"text-part\">\n\t\t\t<h2><\/h2>\n\t\t\t\t\t<div class=\"translation-block\"><\/div>\n\t\t\t<\/div>\n\t<\/div>\n\t\t<\/div>\n\n\n<div class=\"tb-colcompare tb-block align-center background-light pattern-default variant-cards tb-collapsible-margins\" id=\"colcompare\">\n\t<div class=\"inner-block tb-fade-in tb-fade-in--subtle\">\n\t\t<div class=\"text-part\">\n\t\t\t<h2>Warum eine Rundreise mit Lofoten Nomads machen?<\/h2>\n\t\t\t\t\t<div class=\"translation-block\"><\/div>\n\t\t\t<\/div>\n\t<\/div>\n\t\t\t\t\t<div class=\"inner-block-full-width has-tb-carousel tb-justified\" >\n\t\t\t<div class=\"tb-carousel-container\">\n\t\t\t\t<div class=\"entries tb-cards\" data-slider-first=\"1\">\n\t\t\t\t\t\t\t\t\t<div class=\"tb-card entry tb-fade-in tb-fade-in--subtle\">\n\t\t\t\t<div class=\"tb-image-part\">\n\t\t\t\t\t<img src='https:\/\/lofn.travelblox.eu\/wp-content\/uploads\/sites\/125\/2026\/01\/Gemini_Generated_Image_lqbk4qlqbk4qlqbk_compressed-768x699.jpeg' width='768' height='699' loading='lazy' image_size='medium_large'>\t\t\t\t<\/div>\n\t\t\t\t<div class=\"tb-card-content text-part\">\n\t\t\t\t\t<h5>\t\t\t\t<i class=\"icon fa-solid fa-map-location-dot\" aria-hidden=\"true\"><\/i>\n\t\t\t Eine sorgf\u00e4ltig geplante Route<\/h5>\n\t\t\t\t\t\t\t<div class=\"translation-block\"><p><strong>Wir k\u00fcmmern uns um alles<\/strong>, sowohl im Voraus als auch vor Ort auf den Lofoten: Logistik, Route, Campingausr\u00fcstung, \u00dcbernachtungen und sogar optionale Extras wie Aktivit\u00e4ten. So kannst du dich w\u00e4hrend deiner Rundreise einfach zur\u00fccklehnen und genie\u00dfen, <strong>ganz ohne Stress<\/strong>.<\/p><\/div>\n\t\t\t\t\t\t<div class=\"tb-buttons-part\">\n\t\t\t\t\t\t\t\t\t\t\t<\/div>\n\t\t\t\t<\/div>\n\t\t\t<\/div>\n\t\t\t\t\t<div class=\"tb-card entry tb-fade-in tb-fade-in--subtle\">\n\t\t\t\t<div class=\"tb-image-part\">\n\t\t\t\t\t<img src='https:\/\/lofn.travelblox.eu\/wp-content\/uploads\/sites\/125\/2025\/12\/compressed_WALOF25_NORWAY_RoyMosterd_LR-0082-768x576.jpg' width='768' height='576' loading='lazy' image_size='medium_large'>\t\t\t\t<\/div>\n\t\t\t\t<div class=\"tb-card-content text-part\">\n\t\t\t\t\t<h5>\t\t\t\t<i class=\"icon fa-solid fa-euro-sign\" aria-hidden=\"true\"><\/i>\n\t\t\t Ein ausgezeichnetes Preis-Leistungs-Verh\u00e4ltnis<\/h5>\n\t\t\t\t\t\t\t<div class=\"translation-block\"><p>Abenteuer ist f\u00fcr jeden zug\u00e4nglich! Wir sorgen daf\u00fcr, dass die Kosten niedrig bleiben, indem wir alle unsere Reisen selbst von A bis Z entwickeln. So garantieren wir <strong>ein authentisches Erlebnis, ohne versteckte Kosten<\/strong>.<\/p><\/div>\n\t\t\t\t\t\t<div class=\"tb-buttons-part\">\n\t\t\t\t\t\t\t\t\t\t\t<\/div>\n\t\t\t\t<\/div>\n\t\t\t<\/div>\n\t\t\t\t\t<div class=\"tb-card entry tb-fade-in tb-fade-in--subtle\">\n\t\t\t\t<div class=\"tb-image-part\">\n\t\t\t\t\t<img src='https:\/\/lofn.travelblox.eu\/wp-content\/uploads\/sites\/125\/2025\/01\/DJI_0494-768x1024.jpg' width='768' height='1024' alt='Lofoten Nomads: Urlaub in den Lofoten, Norwegen' style='object-position:50% 50%' loading='lazy' image_size='medium_large'>\t\t\t\t<\/div>\n\t\t\t\t<div class=\"tb-card-content text-part\">\n\t\t\t\t\t<h5>\t\t\t\t<i class=\"icon fa-solid fa-leaf\" aria-hidden=\"true\"><\/i>\n\t\t\t Verantwortungsbewusster Tourismus<\/h5>\n\t\t\t\t\t\t\t<div class=\"translation-block\"><p>Reisen mit Lofoten Nomads bedeutet auch verantwortungsbewusstes Reisen. Wir setzen uns f\u00fcr <strong>nachhaltige Entwicklung<\/strong> ein und arbeiten mit den lokalen Gemeinschaften zusammen.<\/p><\/div>\n\t\t\t\t\t\t<div class=\"tb-buttons-part\">\n\t\t\t\t\t\t\t\t<a href=\"https:\/\/travelbase.de\/nachhaltigkeit\/?_gl=1*iwhttv*_gcl_au*MTU4ODQ2OTYwNS4xNzY4MzE4MTQy*_ga*MTU3NjI4MDA1Mi4xNzY4MzE4MTM5*_ga_MNM1Z0RZ2L*czE3Njg1NTc5OTAkbzUkZzEkdDE3Njg1NTc5OTMkajU3JGwwJGgxNjkxODAwMTMy\"  target=\"_blank\" class=\"tb-buttonlink\">\n\t\t\tEntdecke all unsere Initiativen\t\t<\/a>\n\t\t\t\t\t\t\t<\/div>\n\t\t\t\t<\/div>\n\t\t\t<\/div>\n\t\t\t\t\t<div class=\"tb-card entry tb-fade-in tb-fade-in--subtle\">\n\t\t\t\t<div class=\"tb-image-part\">\n\t\t\t\t\t<img src='https:\/\/lofn.travelblox.eu\/wp-content\/uploads\/sites\/125\/2025\/11\/contact_team-768x512.jpg' width='768' height='512' loading='lazy' image_size='medium_large'>\t\t\t\t<\/div>\n\t\t\t\t<div class=\"tb-card-content text-part\">\n\t\t\t\t\t<h5>\t\t\t\t<i class=\"icon fa-solid fa-phone\" aria-hidden=\"true\"><\/i>\n\t\t\t Ein Team vor Ort, das immer f\u00fcr dich da ist<\/h5>\n\t\t\t\t\t\t\t<div class=\"translation-block\"><p>Wir organisieren eine unvergessliche und sorgenfreie Rundreise f\u00fcr dich. Unser Team vor Ort steht <strong>immer bereit, um dir zu helfen<\/strong> und Ratschl\u00e4ge zu geben, damit dein Abenteuer reibungslos verl\u00e4uft. Du reist also <strong>vollst\u00e4ndig unabh\u00e4ngig, mit Unterst\u00fctzung<\/strong> in Reichweite, wenn das n\u00f6tig ist.<\/p><\/div>\n\t\t\t\t\t\t<div class=\"tb-buttons-part\">\n\t\t\t\t\t\t\t\t\t\t\t<\/div>\n\t\t\t\t<\/div>\n\t\t\t<\/div>\n\t\t\t\t\t\t\t\t<\/div>\n\t\t\t\t\t\t<div class=\"tb-carousel-nav\">\n\t\t\t<div class=\"dots\">\n\t\t\t\t<div class=\"dot active\"><\/div>\n\t\t\t\t<div class=\"dot\"><\/div>\n\t\t\t\t<div class=\"dot\"><\/div>\n\t\t\t<\/div>\n\t\t\t<div class=\"arrows\">\n\t\t\t\t<div class=\"prev disabled\">\n\t\t\t\t\t<span><i class=\"fa fa-chevron-left\"><\/i><\/span>\n\t\t\t\t<\/div>\n\t\t\t\t<div class=\"next\">\n\t\t\t\t\t<span><i class=\"fa fa-chevron-right\"><\/i><\/span>\n\t\t\t\t<\/div>\n\t\t\t<\/div>\n\t\t<\/div>\n\t\t\t\t<\/div>\n\t\t<\/div>\n\t\t\t<\/div>\n\n\n\n<div class=\"tb-team tb-block align-center background-dark pattern-none variant-none tb-collapsible-margins\" id=\"team\">\n\t<div class=\"inner-block tb-fade-in tb-fade-in--subtle\">\n\t\t<div class=\"text-part\">\n\t\t\t<h2>Ein leidenschaftliches Team steht bereit, um dir zu helfen.<\/h2>\n\t\t\t\t\t<div class=\"translation-block\"><p>Neugierig auf die Gesichter hinter dieser Rundreise? Das sind unsere Reiseexperten!<\/p><\/div>\n\t\t\t<\/div>\n\t<\/div>\n\t\t\t\t\t<div class=\"inner-block-full-width has-tb-carousel\" >\n\t\t\t<div class=\"tb-carousel-container\">\n\t\t\t\t<div class=\"entries tb-cards\" data-slider-first=\"1\">\n\t\t\t\t\t\t\t\t\t<div class=\"tb-card entry\" style=\"background-image: url('https:\/\/lofn.travelblox.eu\/wp-content\/uploads\/sites\/125\/2026\/02\/5-819x1024.jpg')\">\n\t\t\t\t<label for=\"tb-team-read-more-block_s125__p1418__team-0\" class=\"tb-team__card-label\">\n\t\t\t\t\t<div class=\"overlay\"><\/div>\n\t\t\t\t\t<div class=\"overlay overlay--extra\"><\/div>\n\t\t\t\t\t<div class=\"content\">\n\t\t\t\t\t\t<div class=\"tb-team__card-titles\">\n\t\t\t\t\t\t\t<h3>Claudia<\/h3>\n\t\t\t\t\t\t\t\t\t\t\t\t\t\t\t<p>organisiert deinen Roadtrip<\/p>\n\t\t\t\t\t\t\t\t\t\t\t\t\t<\/div>\n\t\t\t\t\t\t\t\t\t\t\t<\/div>\n\t\t\t\t\t<input type=\"checkbox\" class=\"tb-team__card-checkbox\" id=\"tb-team-read-more-block_s125__p1418__team-0\">\n\t\t\t\t<\/label>\n\t\t\t<\/div>\n\t\t\t\t\t<div class=\"tb-card entry\" style=\"background-image: url('https:\/\/lofn.travelblox.eu\/wp-content\/uploads\/sites\/125\/2026\/05\/Nordic-Nomads-team-pictures-1-819x1024.jpg')\">\n\t\t\t\t<label for=\"tb-team-read-more-block_s125__p1418__team-1\" class=\"tb-team__card-label\">\n\t\t\t\t\t<div class=\"overlay\"><\/div>\n\t\t\t\t\t<div class=\"overlay overlay--extra\"><\/div>\n\t\t\t\t\t<div class=\"content\">\n\t\t\t\t\t\t<div class=\"tb-team__card-titles\">\n\t\t\t\t\t\t\t<h3>Pauline<\/h3>\n\t\t\t\t\t\t\t\t\t\t\t\t\t\t\t<p>organisiert deinen Roadtrip<\/p>\n\t\t\t\t\t\t\t\t\t\t\t\t\t<\/div>\n\t\t\t\t\t\t\t\t\t\t\t<\/div>\n\t\t\t\t\t<input type=\"checkbox\" class=\"tb-team__card-checkbox\" id=\"tb-team-read-more-block_s125__p1418__team-1\">\n\t\t\t\t<\/label>\n\t\t\t<\/div>\n\t\t\t\t\t<div class=\"tb-card entry\" style=\"background-image: url('https:\/\/lofn.travelblox.eu\/wp-content\/uploads\/sites\/125\/2026\/02\/3-1-819x1024.jpg')\">\n\t\t\t\t<label for=\"tb-team-read-more-block_s125__p1418__team-2\" class=\"tb-team__card-label\">\n\t\t\t\t\t<div class=\"overlay\"><\/div>\n\t\t\t\t\t<div class=\"overlay overlay--extra\"><\/div>\n\t\t\t\t\t<div class=\"content\">\n\t\t\t\t\t\t<div class=\"tb-team__card-titles\">\n\t\t\t\t\t\t\t<h3>Julie<\/h3>\n\t\t\t\t\t\t\t\t\t\t\t\t\t\t\t<p>\u00fcbernimmt die Kommunikation<\/p>\n\t\t\t\t\t\t\t\t\t\t\t\t\t<\/div>\n\t\t\t\t\t\t\t\t\t\t\t<\/div>\n\t\t\t\t\t<input type=\"checkbox\" class=\"tb-team__card-checkbox\" id=\"tb-team-read-more-block_s125__p1418__team-2\">\n\t\t\t\t<\/label>\n\t\t\t<\/div>\n\t\t\t\t\t<div class=\"tb-card entry\" style=\"background-image: url('https:\/\/lofn.travelblox.eu\/wp-content\/uploads\/sites\/125\/2026\/02\/Sophie-819x1024.jpg')\">\n\t\t\t\t<label for=\"tb-team-read-more-block_s125__p1418__team-3\" class=\"tb-team__card-label\">\n\t\t\t\t\t<div class=\"overlay\"><\/div>\n\t\t\t\t\t<div class=\"overlay overlay--extra\"><\/div>\n\t\t\t\t\t<div class=\"content\">\n\t\t\t\t\t\t<div class=\"tb-team__card-titles\">\n\t\t\t\t\t\t\t<h3>Sophie<\/h3>\n\t\t\t\t\t\t\t\t\t\t\t\t\t\t\t<p>beantwortet all deine Fragen<\/p>\n\t\t\t\t\t\t\t\t\t\t\t\t\t<\/div>\n\t\t\t\t\t\t\t\t\t\t\t<\/div>\n\t\t\t\t\t<input type=\"checkbox\" class=\"tb-team__card-checkbox\" id=\"tb-team-read-more-block_s125__p1418__team-3\">\n\t\t\t\t<\/label>\n\t\t\t<\/div>\n\t\t\t\t\t<div class=\"tb-card entry\" style=\"background-image: url('https:\/\/lofn.travelblox.eu\/wp-content\/uploads\/sites\/125\/2026\/02\/FannyD-45-819x1024.jpg')\">\n\t\t\t\t<label for=\"tb-team-read-more-block_s125__p1418__team-4\" class=\"tb-team__card-label\">\n\t\t\t\t\t<div class=\"overlay\"><\/div>\n\t\t\t\t\t<div class=\"overlay overlay--extra\"><\/div>\n\t\t\t\t\t<div class=\"content\">\n\t\t\t\t\t\t<div class=\"tb-team__card-titles\">\n\t\t\t\t\t\t\t<h3>Fanny<\/h3>\n\t\t\t\t\t\t\t\t\t\t\t\t\t\t\t<p>beantwortet all deine Fragen<\/p>\n\t\t\t\t\t\t\t\t\t\t\t\t\t<\/div>\n\t\t\t\t\t\t\t\t\t\t\t<\/div>\n\t\t\t\t\t<input type=\"checkbox\" class=\"tb-team__card-checkbox\" id=\"tb-team-read-more-block_s125__p1418__team-4\">\n\t\t\t\t<\/label>\n\t\t\t<\/div>\n\t\t\t\t\t<div class=\"tb-card entry\" style=\"background-image: url('https:\/\/lofn.travelblox.eu\/wp-content\/uploads\/sites\/125\/2026\/05\/Nordic-Nomads-team-pictures-3-819x1024.jpg')\">\n\t\t\t\t<label for=\"tb-team-read-more-block_s125__p1418__team-5\" class=\"tb-team__card-label\">\n\t\t\t\t\t<div class=\"overlay\"><\/div>\n\t\t\t\t\t<div class=\"overlay overlay--extra\"><\/div>\n\t\t\t\t\t<div class=\"content\">\n\t\t\t\t\t\t<div class=\"tb-team__card-titles\">\n\t\t\t\t\t\t\t<h3>Leonie<\/h3>\n\t\t\t\t\t\t\t\t\t\t\t\t\t\t\t<p>beantwortet all deine Fragen<\/p>\n\t\t\t\t\t\t\t\t\t\t\t\t\t<\/div>\n\t\t\t\t\t\t\t\t\t\t\t<\/div>\n\t\t\t\t\t<input type=\"checkbox\" class=\"tb-team__card-checkbox\" id=\"tb-team-read-more-block_s125__p1418__team-5\">\n\t\t\t\t<\/label>\n\t\t\t<\/div>\n\t\t\t\t\t\t\t\t<\/div>\n\t\t\t\t\t\t<div class=\"tb-carousel-nav\">\n\t\t\t<div class=\"dots\">\n\t\t\t\t<div class=\"dot active\"><\/div>\n\t\t\t\t<div class=\"dot\"><\/div>\n\t\t\t\t<div class=\"dot\"><\/div>\n\t\t\t<\/div>\n\t\t\t<div class=\"arrows\">\n\t\t\t\t<div class=\"prev disabled\">\n\t\t\t\t\t<span><i class=\"fa fa-chevron-left\"><\/i><\/span>\n\t\t\t\t<\/div>\n\t\t\t\t<div class=\"next\">\n\t\t\t\t\t<span><i class=\"fa fa-chevron-right\"><\/i><\/span>\n\t\t\t\t<\/div>\n\t\t\t<\/div>\n\t\t<\/div>\n\t\t\t\t<\/div>\n\t\t<\/div>\n\t\t\t\t\t<div class=\"tb-team__extra inner-block tb-fade-in tb-fade-in--subtle\">\n\t\t\t<div class=\"text-part\">\n\t\t\t\t<h3>Noch eine Frage zu deiner Reise?<\/h3>\n\t\t\t\t\t\t<div class=\"translation-block\"><p><a href=\"https:\/\/lofotennomads.com\/nl\/contact\/\">Nehmt gerne Kontakt mit uns auf<\/a>. Wir helfen dir gerne weiter!<\/p><\/div>\n\t\t\t\t\t<div class=\"tb-buttons-part\">\n\t\t\t\t\t\t\t\t\t<\/div>\n\t\t\t<\/div>\n\t\t<\/div>\n\t<\/div>","protected":false},"excerpt":{"rendered":"","protected":false},"author":26,"featured_media":1246,"parent":0,"menu_order":0,"comment_status":"closed","ping_status":"closed","template":"","meta":{"_acf_changed":false,"inline_featured_image":false,"footnotes":""},"class_list":["post-1418","page","type-page","status-publish","has-post-thumbnail","hentry"],"acf":{"page_package_ids":"","is_main_package_page":false,"additional_linked_packages":[],"feed_page_to_atlas":true},"_links":{"self":[{"href":"https:\/\/lofn.travelblox.eu\/de\/wp-json\/wp\/v2\/pages\/1418","targetHints":{"allow":["GET"]}}],"collection":[{"href":"https:\/\/lofn.travelblox.eu\/de\/wp-json\/wp\/v2\/pages"}],"about":[{"href":"https:\/\/lofn.travelblox.eu\/de\/wp-json\/wp\/v2\/types\/page"}],"author":[{"embeddable":true,"href":"https:\/\/lofn.travelblox.eu\/de\/wp-json\/wp\/v2\/users\/26"}],"replies":[{"embeddable":true,"href":"https:\/\/lofn.travelblox.eu\/de\/wp-json\/wp\/v2\/comments?post=1418"}],"version-history":[{"count":28,"href":"https:\/\/lofn.travelblox.eu\/de\/wp-json\/wp\/v2\/pages\/1418\/revisions"}],"predecessor-version":[{"id":1898,"href":"https:\/\/lofn.travelblox.eu\/de\/wp-json\/wp\/v2\/pages\/1418\/revisions\/1898"}],"wp:featuredmedia":[{"embeddable":true,"href":"https:\/\/lofn.travelblox.eu\/de\/wp-json\/wp\/v2\/media\/1246"}],"wp:attachment":[{"href":"https:\/\/lofn.travelblox.eu\/de\/wp-json\/wp\/v2\/media?parent=1418"}],"curies":[{"name":"wp","href":"https:\/\/api.w.org\/{rel}","templated":true}]}}