{"id":1418,"date":"2026-01-14T11:44:34","date_gmt":"2026-01-14T11:44:34","guid":{"rendered":"https:\/\/lofn.travelblox.eu\/?page_id=1418"},"modified":"2026-05-04T15:30:38","modified_gmt":"2026-05-04T15:30:38","slug":"over-ons","status":"publish","type":"page","link":"https:\/\/lofn.travelblox.eu\/fr\/over-ons\/","title":{"rendered":"\u00c0 propos de nous"},"content":{"rendered":"<div class=\"tb-quoteparallax tb-block align-center background-dark pattern-none variant-text_on_image\" id=\"quoteparallax\" style=\"background-image: url('https:\/\/travelbase.eu\/frontend_src\/tb20\/dist\/assets\/img\/header-home-2022.jpg');\">\n\t\t<div class=\"inner-block tb-fade-in tb-fade-in--subtle\">\n\t\t\t\t\t<div class=\"text-part\">\n\t\t\t\t<h2>\u00c0 propos de Lofoten Nomads<\/h2>\n\t\t\t\t\t\t<div class=\"translation-block\"><p>Lofoten Nomads est un road trip de 7 jours \u00e0 travers l'un des coins les plus spectaculaires de la Norv\u00e8ge. Cet itin\u00e9raire a \u00e9t\u00e9 cr\u00e9\u00e9 par une \u00e9quipe de voyageurs de Travelbase, d'aventuriers et de locaux avec une passion commune : la vie norv\u00e9gienne en plein air.<\/p><\/div>\n\t\t\t\t\t\t\t\t<\/div>\n\t\t\t\t\t<\/div>\n<\/div>\n\n\n\n<div class=\"tb-textimage2 tb-block align-left background-light pattern-none variant-text_first tb-collapsible-margins\" id=\"textimage2\">\n\t<div class=\"inner-block tb-fade-in\">\n\n\t\t\n\t\t<div class=\"tb-columns\">\n\t\t\t<div class=\"tb-column\">\n\t\t\t\t<div class=\"tb-text-part\">\n\t\t\t\t\t<h2>Notre mission ?<\/h2>\n\t\t\t\t\t\t\t<div class=\"translation-block\"><p>Profitez de la libert\u00e9 d'un road trip autonome, sans le tracas de devoir le planifier. Nous avons parcouru nous-m\u00eames l'itin\u00e9raire, rep\u00e9r\u00e9 les plus beaux points de vue, d\u00e9couvert les v\u00e9ritables incontournables et ajout\u00e9 nos coins cach\u00e9s pr\u00e9f\u00e9r\u00e9s.<\/p><p>Vous voyagez \u00e0 votre rythme, totalement en autonomie, avec un carnet de route qui vous guide vers la bonne direction. Des cr\u00eates montagneuses escarp\u00e9es aux plages paisibles et aux petits villages de p\u00eacheurs : nous connaissons les Lofoten comme notre poche. Nous serions ravis de vous emmener dans des endroits o\u00f9 vous oubliez presque spontan\u00e9ment votre t\u00e9l\u00e9phone.<\/p><\/div>\n\t\t\t\t\t\t\t\t\t\t\t\t<ul class=\"icon-list\">\n\t\t\t\t\t\t\t\t\t\t\t\t\t\t\t<li> <\/li>\n\t\t\t\t\t\t\t\t\t\t\t\t\t\t\t<li> <\/li>\n\t\t\t\t\t\t\t\t\t\t\t\t\t<\/ul>\n\t\t\t\t\t\t\t\t\t\t<div class=\"tb-buttons-part\">\n\t\t\t\t\t\t\t\t\t\t\t\t\t\t\t\t\t<\/div>\n\t\t\t\t<\/div>\n\t\t\t<\/div>\n\t\t\t<div class=\"tb-column\">\n\t\t\t\t\t\t\t\t\t\t\t\t\t\t\t<div class=\"tb-image-part\">\n\t\t\t\t\t\t\t<img src='https:\/\/lofn.travelblox.eu\/wp-content\/uploads\/sites\/125\/2025\/12\/compressed_WALOF25_NORWAY_RoyMosterd_HR-5270861-768x576.jpg' width='768' height='576' loading='lazy' image_size='medium_large'>\t\t\t\t\t\t<\/div>\n\t\t\t\t\t\t\t\t\t\t\t\t<\/div>\n\t\t<\/div>\n\t<\/div>\n<\/div>\n\n\n<div class=\"tb-textimage2 tb-block align-left background-light pattern-none variant-image_first tb-collapsible-margins\" id=\"textimage2-1\">\n\t<div class=\"inner-block tb-fade-in\">\n\n\t\t\n\t\t<div class=\"tb-columns\">\n\t\t\t<div class=\"tb-column\">\n\t\t\t\t<div class=\"tb-text-part\">\n\t\t\t\t\t<h2>Pourquoi aller aux Lofoten ?<\/h2>\n\t\t\t\t\t\t\t<div class=\"translation-block\"><p>Les Lofoten sont faites pour un road trip : des sommets montagneux escarp\u00e9s qui \u00e9mergent directement de la mer, des plages de sable blanc avec une eau turquoise, de petits villages de p\u00eacheurs et des routes qui semblent avoir \u00e9t\u00e9 sp\u00e9cialement con\u00e7ues pour de jolies d\u00e9tours. La nature ici est brute, proche, et chaque virage offre un nouveau moment de \u00ab attends, quoi ? \u00bb.<\/p><p>Nous avons con\u00e7u cet itin\u00e9raire de 7 jours pour vous faire d\u00e9couvrir le meilleur de cet archipel. Des soir\u00e9es dor\u00e9es sur des plages d\u00e9sertes aux randonn\u00e9es avec vue sur les fjords et les pics ac\u00e9r\u00e9s : chaque jour est une carte postale, mais en vrai. Nous vous donnons la libert\u00e9 d'un road trip autonome, sans le tracas de la planification.<\/p><\/div>\n\t\t\t\t\t\t\t\t\t\t\t\t<ul class=\"icon-list\">\n\t\t\t\t\t\t\t\t\t\t\t\t\t\t\t<li> <\/li>\n\t\t\t\t\t\t\t\t\t\t\t\t\t\t\t<li> <\/li>\n\t\t\t\t\t\t\t\t\t\t\t\t\t<\/ul>\n\t\t\t\t\t\t\t\t\t\t<div class=\"tb-buttons-part\">\n\t\t\t\t\t\t\t\t\t\t\t\t\t\t\t\t\t<\/div>\n\t\t\t\t<\/div>\n\t\t\t<\/div>\n\t\t\t<div class=\"tb-column\">\n\t\t\t\t\t\t\t\t\t\t\t\t\t\t\t<div class=\"tb-image-part\">\n\t\t\t\t\t\t\t<img src='https:\/\/lofn.travelblox.eu\/wp-content\/uploads\/sites\/125\/2026\/01\/Gemini_Generated_Image_a2h6bpa2h6bpa2h6_compressed-1-768x696.jpeg' width='768' height='696' loading='lazy' image_size='medium_large'>\t\t\t\t\t\t<\/div>\n\t\t\t\t\t\t\t\t\t\t\t\t<\/div>\n\t\t<\/div>\n\t<\/div>\n<\/div>\n\n\n<div class=\"tb-team tb-block align-center background-light pattern-none variant-none tb-collapsible-margins\" id=\"team-1\">\n\t<div class=\"inner-block tb-fade-in tb-fade-in--subtle\">\n\t\t<div class=\"text-part\">\n\t\t\t<h2><\/h2>\n\t\t\t\t\t<div class=\"translation-block\"><\/div>\n\t\t\t<\/div>\n\t<\/div>\n\t\t<\/div>\n\n\n<div class=\"tb-colcompare tb-block align-center background-light pattern-default variant-cards tb-collapsible-margins\" id=\"colcompare\">\n\t<div class=\"inner-block tb-fade-in tb-fade-in--subtle\">\n\t\t<div class=\"text-part\">\n\t\t\t<h2>Pourquoi opter pour un road trip avec Lofoten Nomads?<\/h2>\n\t\t\t\t\t<div class=\"translation-block\"><\/div>\n\t\t\t<\/div>\n\t<\/div>\n\t\t\t\t\t<div class=\"inner-block-full-width has-tb-carousel tb-justified\" >\n\t\t\t<div class=\"tb-carousel-container\">\n\t\t\t\t<div class=\"entries tb-cards\" data-slider-first=\"1\">\n\t\t\t\t\t\t\t\t\t<div class=\"tb-card entry tb-fade-in tb-fade-in--subtle\">\n\t\t\t\t<div class=\"tb-image-part\">\n\t\t\t\t\t<img src='https:\/\/lofn.travelblox.eu\/wp-content\/uploads\/sites\/125\/2026\/01\/Gemini_Generated_Image_lqbk4qlqbk4qlqbk_compressed-768x699.jpeg' width='768' height='699' loading='lazy' image_size='medium_large'>\t\t\t\t<\/div>\n\t\t\t\t<div class=\"tb-card-content text-part\">\n\t\t\t\t\t<h5>\t\t\t\t<i class=\"icon fa-solid fa-map-location-dot\" aria-hidden=\"true\"><\/i>\n\t\t\t Un itin\u00e9raire soigneusement trac\u00e9<\/h5>\n\t\t\t\t\t\t\t<div class=\"translation-block\"><p><strong>Nous nous occupons de tout<\/strong>, tant en amont qu'une fois sur place aux Lofoten : logistique, itin\u00e9raire, mat\u00e9riel de camping, h\u00e9bergements et m\u00eame des options suppl\u00e9mentaires comme des activit\u00e9s. Ainsi, <strong>vous n'avez pas \u00e0 vous soucier de quoi que ce soit<\/strong> pendant ton voyage.<\/p><\/div>\n\t\t\t\t\t\t<div class=\"tb-buttons-part\">\n\t\t\t\t\t\t\t\t\t\t\t<\/div>\n\t\t\t\t<\/div>\n\t\t\t<\/div>\n\t\t\t\t\t<div class=\"tb-card entry tb-fade-in tb-fade-in--subtle\">\n\t\t\t\t<div class=\"tb-image-part\">\n\t\t\t\t\t<img src='https:\/\/lofn.travelblox.eu\/wp-content\/uploads\/sites\/125\/2025\/12\/compressed_WALOF25_NORWAY_RoyMosterd_LR-0082-768x576.jpg' width='768' height='576' loading='lazy' image_size='medium_large'>\t\t\t\t<\/div>\n\t\t\t\t<div class=\"tb-card-content text-part\">\n\t\t\t\t\t<h5>\t\t\t\t<i class=\"icon fa-solid fa-euro-sign\" aria-hidden=\"true\"><\/i>\n\t\t\t Un excellent rapport qualit\u00e9-prix<\/h5>\n\t\t\t\t\t\t\t<div class=\"translation-block\"><p>L'aventure est accessible \u00e0 tous ! Nous veillons \u00e0 ce que les co\u00fbts restent bas en d\u00e9veloppant nous-m\u00eames tous nos voyages de A \u00e0 Z. Ainsi, nous garantissons une <strong>exp\u00e9rience authentique, sans frais cach\u00e9s<\/strong>.<\/p><\/div>\n\t\t\t\t\t\t<div class=\"tb-buttons-part\">\n\t\t\t\t\t\t\t\t\t\t\t<\/div>\n\t\t\t\t<\/div>\n\t\t\t<\/div>\n\t\t\t\t\t<div class=\"tb-card entry tb-fade-in tb-fade-in--subtle\">\n\t\t\t\t<div class=\"tb-image-part\">\n\t\t\t\t\t<img src='https:\/\/lofn.travelblox.eu\/wp-content\/uploads\/sites\/125\/2025\/01\/DJI_0494-768x1024.jpg' width='768' height='1024' alt='Lofoten Nomads : vacances aux Lofoten en Norv\u00e8ge' style='object-position:50% 50%' loading='lazy' image_size='medium_large'>\t\t\t\t<\/div>\n\t\t\t\t<div class=\"tb-card-content text-part\">\n\t\t\t\t\t<h5>\t\t\t\t<i class=\"icon fa-solid fa-leaf\" aria-hidden=\"true\"><\/i>\n\t\t\t Tourisme responsable<\/h5>\n\t\t\t\t\t\t\t<div class=\"translation-block\"><p>Voyager avec Lofoten Nomads signifie \u00e9galement voyager de mani\u00e8re responsable. Nous nous engageons en faveur de <strong>d\u00e9veloppement durable<\/strong> et collaborons avec les communaut\u00e9s locales.<\/p><\/div>\n\t\t\t\t\t\t<div class=\"tb-buttons-part\">\n\t\t\t\t\t\t\t\t<a href=\"https:\/\/travelbase.eu\/duurzaamheid\/\"  target=\"_blank\" class=\"tb-buttonlink\">\n\t\t\tD\u00e9couvrez toutes nos initiatives.\t\t<\/a>\n\t\t\t\t\t\t\t<\/div>\n\t\t\t\t<\/div>\n\t\t\t<\/div>\n\t\t\t\t\t<div class=\"tb-card entry tb-fade-in tb-fade-in--subtle\">\n\t\t\t\t<div class=\"tb-image-part\">\n\t\t\t\t\t<img src='https:\/\/lofn.travelblox.eu\/wp-content\/uploads\/sites\/125\/2025\/11\/contact_team-768x512.jpg' width='768' height='512' loading='lazy' image_size='medium_large'>\t\t\t\t<\/div>\n\t\t\t\t<div class=\"tb-card-content text-part\">\n\t\t\t\t\t<h5>\t\t\t\t<i class=\"icon fa-solid fa-phone\" aria-hidden=\"true\"><\/i>\n\t\t\t Une \u00e9quipe sur place qui est toujours l\u00e0 pour vous.<\/h5>\n\t\t\t\t\t\t\t<div class=\"translation-block\"><p>Nous organisons un road trip inoubliable et sans tracas. Notre \u00e9quipe sur place est <strong>toujours pr\u00eate \u00e0 vous aider<\/strong> et \u00e0 vous donner des conseils, afin que votre aventure se d\u00e9roule sans accroc. Vous voyagez donc <strong>compl\u00e8tement en autonomie, avec un soutien<\/strong> \u00e0 port\u00e9e de main si n\u00e9cessaire.<\/p><\/div>\n\t\t\t\t\t\t<div class=\"tb-buttons-part\">\n\t\t\t\t\t\t\t\t\t\t\t<\/div>\n\t\t\t\t<\/div>\n\t\t\t<\/div>\n\t\t\t\t\t\t\t\t<\/div>\n\t\t\t\t\t\t<div class=\"tb-carousel-nav\">\n\t\t\t<div class=\"dots\">\n\t\t\t\t<div class=\"dot active\"><\/div>\n\t\t\t\t<div class=\"dot\"><\/div>\n\t\t\t\t<div class=\"dot\"><\/div>\n\t\t\t<\/div>\n\t\t\t<div class=\"arrows\">\n\t\t\t\t<div class=\"prev disabled\">\n\t\t\t\t\t<span><i class=\"fa fa-chevron-left\"><\/i><\/span>\n\t\t\t\t<\/div>\n\t\t\t\t<div class=\"next\">\n\t\t\t\t\t<span><i class=\"fa fa-chevron-right\"><\/i><\/span>\n\t\t\t\t<\/div>\n\t\t\t<\/div>\n\t\t<\/div>\n\t\t\t\t<\/div>\n\t\t<\/div>\n\t\t\t<\/div>\n\n\n\n<div class=\"tb-team tb-block align-center background-dark pattern-none variant-none tb-collapsible-margins\" id=\"team\">\n\t<div class=\"inner-block tb-fade-in tb-fade-in--subtle\">\n\t\t<div class=\"text-part\">\n\t\t\t<h2>Une \u00e9quipe passionn\u00e9e \u00e0 votre service<\/h2>\n\t\t\t\t\t<div class=\"translation-block\"><p>Curieux de d\u00e9couvrir les visages derri\u00e8re ce road trip ? Voici nos experts de voyage !<\/p><\/div>\n\t\t\t<\/div>\n\t<\/div>\n\t\t\t\t\t<div class=\"inner-block-full-width has-tb-carousel\" >\n\t\t\t<div class=\"tb-carousel-container\">\n\t\t\t\t<div class=\"entries tb-cards\" data-slider-first=\"1\">\n\t\t\t\t\t\t\t\t\t<div class=\"tb-card entry\" style=\"background-image: url('https:\/\/lofn.travelblox.eu\/wp-content\/uploads\/sites\/125\/2026\/02\/5-819x1024.jpg')\">\n\t\t\t\t<label for=\"tb-team-read-more-block_s125__p1418__team-0\" class=\"tb-team__card-label\">\n\t\t\t\t\t<div class=\"overlay\"><\/div>\n\t\t\t\t\t<div class=\"overlay overlay--extra\"><\/div>\n\t\t\t\t\t<div class=\"content\">\n\t\t\t\t\t\t<div class=\"tb-team__card-titles\">\n\t\t\t\t\t\t\t<h3>Claudia<\/h3>\n\t\t\t\t\t\t\t\t\t\t\t\t\t\t\t<p>organise votre road trip<\/p>\n\t\t\t\t\t\t\t\t\t\t\t\t\t<\/div>\n\t\t\t\t\t\t\t\t\t\t\t<\/div>\n\t\t\t\t\t<input type=\"checkbox\" class=\"tb-team__card-checkbox\" id=\"tb-team-read-more-block_s125__p1418__team-0\">\n\t\t\t\t<\/label>\n\t\t\t<\/div>\n\t\t\t\t\t<div class=\"tb-card entry\" style=\"background-image: url('https:\/\/lofn.travelblox.eu\/wp-content\/uploads\/sites\/125\/2026\/05\/Nordic-Nomads-team-pictures-1-819x1024.jpg')\">\n\t\t\t\t<label for=\"tb-team-read-more-block_s125__p1418__team-1\" class=\"tb-team__card-label\">\n\t\t\t\t\t<div class=\"overlay\"><\/div>\n\t\t\t\t\t<div class=\"overlay overlay--extra\"><\/div>\n\t\t\t\t\t<div class=\"content\">\n\t\t\t\t\t\t<div class=\"tb-team__card-titles\">\n\t\t\t\t\t\t\t<h3>Pauline<\/h3>\n\t\t\t\t\t\t\t\t\t\t\t\t\t\t\t<p>organise votre road trip<\/p>\n\t\t\t\t\t\t\t\t\t\t\t\t\t<\/div>\n\t\t\t\t\t\t\t\t\t\t\t<\/div>\n\t\t\t\t\t<input type=\"checkbox\" class=\"tb-team__card-checkbox\" id=\"tb-team-read-more-block_s125__p1418__team-1\">\n\t\t\t\t<\/label>\n\t\t\t<\/div>\n\t\t\t\t\t<div class=\"tb-card entry\" style=\"background-image: url('https:\/\/lofn.travelblox.eu\/wp-content\/uploads\/sites\/125\/2026\/02\/3-1-819x1024.jpg')\">\n\t\t\t\t<label for=\"tb-team-read-more-block_s125__p1418__team-2\" class=\"tb-team__card-label\">\n\t\t\t\t\t<div class=\"overlay\"><\/div>\n\t\t\t\t\t<div class=\"overlay overlay--extra\"><\/div>\n\t\t\t\t\t<div class=\"content\">\n\t\t\t\t\t\t<div class=\"tb-team__card-titles\">\n\t\t\t\t\t\t\t<h3>Julie<\/h3>\n\t\t\t\t\t\t\t\t\t\t\t\t\t\t\t<p>s'occupe de la communication<\/p>\n\t\t\t\t\t\t\t\t\t\t\t\t\t<\/div>\n\t\t\t\t\t\t\t\t\t\t\t<\/div>\n\t\t\t\t\t<input type=\"checkbox\" class=\"tb-team__card-checkbox\" id=\"tb-team-read-more-block_s125__p1418__team-2\">\n\t\t\t\t<\/label>\n\t\t\t<\/div>\n\t\t\t\t\t<div class=\"tb-card entry\" style=\"background-image: url('https:\/\/lofn.travelblox.eu\/wp-content\/uploads\/sites\/125\/2026\/02\/Sophie-819x1024.jpg')\">\n\t\t\t\t<label for=\"tb-team-read-more-block_s125__p1418__team-3\" class=\"tb-team__card-label\">\n\t\t\t\t\t<div class=\"overlay\"><\/div>\n\t\t\t\t\t<div class=\"overlay overlay--extra\"><\/div>\n\t\t\t\t\t<div class=\"content\">\n\t\t\t\t\t\t<div class=\"tb-team__card-titles\">\n\t\t\t\t\t\t\t<h3>Sophie<\/h3>\n\t\t\t\t\t\t\t\t\t\t\t\t\t\t\t<p>r\u00e9pond \u00e0 vos questions<\/p>\n\t\t\t\t\t\t\t\t\t\t\t\t\t<\/div>\n\t\t\t\t\t\t\t\t\t\t\t<\/div>\n\t\t\t\t\t<input type=\"checkbox\" class=\"tb-team__card-checkbox\" id=\"tb-team-read-more-block_s125__p1418__team-3\">\n\t\t\t\t<\/label>\n\t\t\t<\/div>\n\t\t\t\t\t<div class=\"tb-card entry\" style=\"background-image: url('https:\/\/lofn.travelblox.eu\/wp-content\/uploads\/sites\/125\/2026\/02\/FannyD-45-819x1024.jpg')\">\n\t\t\t\t<label for=\"tb-team-read-more-block_s125__p1418__team-4\" class=\"tb-team__card-label\">\n\t\t\t\t\t<div class=\"overlay\"><\/div>\n\t\t\t\t\t<div class=\"overlay overlay--extra\"><\/div>\n\t\t\t\t\t<div class=\"content\">\n\t\t\t\t\t\t<div class=\"tb-team__card-titles\">\n\t\t\t\t\t\t\t<h3>Fanny<\/h3>\n\t\t\t\t\t\t\t\t\t\t\t\t\t\t\t<p>r\u00e9pond \u00e0 vos questions<\/p>\n\t\t\t\t\t\t\t\t\t\t\t\t\t<\/div>\n\t\t\t\t\t\t\t\t\t\t\t<\/div>\n\t\t\t\t\t<input type=\"checkbox\" class=\"tb-team__card-checkbox\" id=\"tb-team-read-more-block_s125__p1418__team-4\">\n\t\t\t\t<\/label>\n\t\t\t<\/div>\n\t\t\t\t\t<div class=\"tb-card entry\" style=\"background-image: url('https:\/\/lofn.travelblox.eu\/wp-content\/uploads\/sites\/125\/2026\/05\/Nordic-Nomads-team-pictures-3-819x1024.jpg')\">\n\t\t\t\t<label for=\"tb-team-read-more-block_s125__p1418__team-5\" class=\"tb-team__card-label\">\n\t\t\t\t\t<div class=\"overlay\"><\/div>\n\t\t\t\t\t<div class=\"overlay overlay--extra\"><\/div>\n\t\t\t\t\t<div class=\"content\">\n\t\t\t\t\t\t<div class=\"tb-team__card-titles\">\n\t\t\t\t\t\t\t<h3>Leonie<\/h3>\n\t\t\t\t\t\t\t\t\t\t\t\t\t\t\t<p>r\u00e9pond \u00e0 vos questions<\/p>\n\t\t\t\t\t\t\t\t\t\t\t\t\t<\/div>\n\t\t\t\t\t\t\t\t\t\t\t<\/div>\n\t\t\t\t\t<input type=\"checkbox\" class=\"tb-team__card-checkbox\" id=\"tb-team-read-more-block_s125__p1418__team-5\">\n\t\t\t\t<\/label>\n\t\t\t<\/div>\n\t\t\t\t\t\t\t\t<\/div>\n\t\t\t\t\t\t<div class=\"tb-carousel-nav\">\n\t\t\t<div class=\"dots\">\n\t\t\t\t<div class=\"dot active\"><\/div>\n\t\t\t\t<div class=\"dot\"><\/div>\n\t\t\t\t<div class=\"dot\"><\/div>\n\t\t\t<\/div>\n\t\t\t<div class=\"arrows\">\n\t\t\t\t<div class=\"prev disabled\">\n\t\t\t\t\t<span><i class=\"fa fa-chevron-left\"><\/i><\/span>\n\t\t\t\t<\/div>\n\t\t\t\t<div class=\"next\">\n\t\t\t\t\t<span><i class=\"fa fa-chevron-right\"><\/i><\/span>\n\t\t\t\t<\/div>\n\t\t\t<\/div>\n\t\t<\/div>\n\t\t\t\t<\/div>\n\t\t<\/div>\n\t\t\t\t\t<div class=\"tb-team__extra inner-block tb-fade-in tb-fade-in--subtle\">\n\t\t\t<div class=\"text-part\">\n\t\t\t\t<h3>Une question \u00e0 propos de votre voyage ?<\/h3>\n\t\t\t\t\t\t<div class=\"translation-block\"><p>N\u2019h\u00e9sitez pas \u00e0 <a href=\"https:\/\/lofotennomads.com\/fr\/contact\/\">nous contacter<\/a>, nous serons ravis de vous aider.<\/p><\/div>\n\t\t\t\t\t<div class=\"tb-buttons-part\">\n\t\t\t\t\t\t\t\t\t<\/div>\n\t\t\t<\/div>\n\t\t<\/div>\n\t<\/div>","protected":false},"excerpt":{"rendered":"","protected":false},"author":26,"featured_media":1246,"parent":0,"menu_order":0,"comment_status":"closed","ping_status":"closed","template":"","meta":{"_acf_changed":false,"inline_featured_image":false,"footnotes":""},"class_list":["post-1418","page","type-page","status-publish","has-post-thumbnail","hentry"],"acf":{"page_package_ids":"","is_main_package_page":false,"additional_linked_packages":[],"feed_page_to_atlas":true},"_links":{"self":[{"href":"https:\/\/lofn.travelblox.eu\/fr\/wp-json\/wp\/v2\/pages\/1418","targetHints":{"allow":["GET"]}}],"collection":[{"href":"https:\/\/lofn.travelblox.eu\/fr\/wp-json\/wp\/v2\/pages"}],"about":[{"href":"https:\/\/lofn.travelblox.eu\/fr\/wp-json\/wp\/v2\/types\/page"}],"author":[{"embeddable":true,"href":"https:\/\/lofn.travelblox.eu\/fr\/wp-json\/wp\/v2\/users\/26"}],"replies":[{"embeddable":true,"href":"https:\/\/lofn.travelblox.eu\/fr\/wp-json\/wp\/v2\/comments?post=1418"}],"version-history":[{"count":28,"href":"https:\/\/lofn.travelblox.eu\/fr\/wp-json\/wp\/v2\/pages\/1418\/revisions"}],"predecessor-version":[{"id":1898,"href":"https:\/\/lofn.travelblox.eu\/fr\/wp-json\/wp\/v2\/pages\/1418\/revisions\/1898"}],"wp:featuredmedia":[{"embeddable":true,"href":"https:\/\/lofn.travelblox.eu\/fr\/wp-json\/wp\/v2\/media\/1246"}],"wp:attachment":[{"href":"https:\/\/lofn.travelblox.eu\/fr\/wp-json\/wp\/v2\/media?parent=1418"}],"curies":[{"name":"wp","href":"https:\/\/api.w.org\/{rel}","templated":true}]}}